{"id":230,"date":"2023-04-20T09:09:05","date_gmt":"2023-04-20T09:09:05","guid":{"rendered":"https:\/\/gdziewyjechac.pl\/sklep\/?post_type=product&#038;p=230"},"modified":"2024-12-03T13:52:19","modified_gmt":"2024-12-03T13:52:19","slug":"twoj-dom-we-wloszech-ebook-pakiet-lux","status":"publish","type":"product","link":"https:\/\/gdziewyjechac.pl\/sklep\/produkt\/twoj-dom-we-wloszech-ebook-pakiet-lux\/","title":{"rendered":"\u201eTw\u00f3j dom we W\u0142oszech\u201d eBook &#8211; pakiet LUX"},"content":{"rendered":"<h3>O czym jest ebook &#8222;Tw\u00f3j dom we W\u0142oszech&#8221;<\/h3>\n<p>Kupienie mieszkania lub domu w takim miejscu jak W\u0142ochy mo\u017ce si\u0119 wydawa\u0107 absurdalnie nieosi\u0105galne. Tak by\u0142o kiedy\u015b. Tymczasem zmiany, jak zasz\u0142y na w\u0142oskim rynku, stworzy\u0142y niepowtarzaln\u0105 okazj\u0119 na kupienie nieruchomo\u015bci w naprawd\u0119 atrakcyjnej cenie. W\u0142a\u015bnie teraz! I nie chodzi o mityczne domy za 1 euro. Cho\u0107 nie zarabiamy kroci, niedawno kupili\u015bmy mieszkanie w samym sercu ukochanej Italii, p\u0142ac\u0105c za nie po\u0142ow\u0119 tego, co za podobne w Krakowie czy Wroc\u0142awiu.<br \/>\nW tym poradniku przeprowadzimy Was krok po kroku przez ca\u0142y proces \u2013 od skrupulatnego wybrania lokalizacji, przez wszystkie formalno\u015bci, a\u017c po remont nowego lokum i integracj\u0119 z lokaln\u0105 spo\u0142eczno\u015bci\u0105. Poznacie nasze do\u015bwiadczenia, a tak\u017ce porady profesjonalnej po\u015bredniczki, wsparte opiniami innych ekspert\u00f3w. Dzi\u0119ki temu oszcz\u0119dzicie mas\u0119 pieni\u0119dzy i czasu na przekopywanie si\u0119 przez g\u0105szcz sprzecznych informacji w internecie. I kto wie, by\u0107 mo\u017ce najbli\u017csz\u0105 jesie\u0144 sp\u0119dzicie ju\u017c, grzej\u0105c si\u0119 w s\u0142o\u0144cu na tarasie swojego nowego lokum i przed\u0142u\u017caj\u0105c lato do listopada!<\/p>\n<h3>Z poradnika dowiesz si\u0119:<\/h3>\n<ul>\n<li>jak wybra\u0107 najlepsz\u0105 lokalizacj\u0119: ciep\u0142\u0105, bezpieczn\u0105 i tani\u0105<\/li>\n<li>gdzie szuka\u0107 dobrych og\u0142osze\u0144<\/li>\n<li>na co zwr\u00f3ci\u0107 szczeg\u00f3ln\u0105 uwag\u0119 w opisach ofert<\/li>\n<li>jak ogl\u0105da\u0107 nieruchomo\u015bci na miejscu<\/li>\n<li>jak w\u0142a\u015bciwie z\u0142o\u017cy\u0107 ofert\u0119 zakupu<\/li>\n<li>jak dzia\u0142aj\u0105 w\u0142oskie agencje nieruchomo\u015bci<\/li>\n<li>jak przygotowa\u0107 si\u0119 do podpisania aktu notarialnego<\/li>\n<li>jakie dokumenty sprawdzi\u0107 przed zakupem nieruchomo\u015bciw jaki spos\u00f3b zap\u0142aci\u0107 za nieruchomo\u015b\u0107<\/li>\n<li>to tak naprawd\u0119 kosztuje: op\u0142aty i podatki<\/li>\n<li>jak sprawnie i legalnie przeprowadzi\u0107 remont<\/li>\n<li>jak wej\u015b\u0107 w lokaln\u0105 spo\u0142eczno\u015b\u0107<\/li>\n<\/ul>\n<h3>Z ebookiem otrzymujesz dodatkowo:<\/h3>\n<ul>\n<li>Zni\u017ck\u0119 10% na translator wieloj\u0119zykowy Vasco V4<\/li>\n<li>Opracowane przez nas mapy pomocnicze m.in. na temat: klimatu, nas\u0142onecznienia, zachmurzenia we W\u0142oszech<\/li>\n<li>Namiary na agencje, w kt\u00f3rych porozumiesz si\u0119 po polsku i angielsku. Linki do gotowych zakres\u00f3w wyszukiwa\u0144<\/li>\n<li>90 minut nagra\u0144 film\u00f3w instrukta\u017cowych na temat tego, jak sprytnie korzysta\u0107 z serwis\u00f3w z ofertami nieruchomo\u015bci<\/li>\n<\/ul>\n<h3>Co dodatkowo zawiera pakiet LUX:<\/h3>\n<ul class=\"elementor-price-table__features-list\">\n<li class=\"elementor-repeater-item-ce47528\">\n<div class=\"elementor-price-table__feature-inner\">eBook \u201eTw\u00f3j dom we W\u0142oszech\u201d<\/div>\n<\/li>\n<li class=\"elementor-repeater-item-ae698f2\">\n<div class=\"elementor-price-table__feature-inner\"><i class=\"far fa-check-circle\" aria-hidden=\"true\"><\/i>\u00a0adresy agencji nieruchomo\u015bci<\/div>\n<\/li>\n<li class=\"elementor-repeater-item-abb896d\">\n<div class=\"elementor-price-table__feature-inner\"><i class=\"far fa-check-circle\" aria-hidden=\"true\"><\/i>\u00a0interaktywna mapa miejsc atrakcyjnych komunikacyjnie<\/div>\n<\/li>\n<li class=\"elementor-repeater-item-1fe5da9\">\n<div class=\"elementor-price-table__feature-inner\"><i class=\"far fa-check-circle\" aria-hidden=\"true\"><\/i>\u00a020% zni\u017cki na ksi\u0105\u017ck\u0119 &#8222;Podr\u00f3\u017cuj lepiej&#8221;<\/div>\n<\/li>\n<li class=\"elementor-repeater-item-f2130a9\">\n<div class=\"elementor-price-table__feature-inner\"><i class=\"far fa-check-circle\" aria-hidden=\"true\"><\/i>\u00a010% zni\u017cki u profesjonalnego t\u0142umacza<\/div>\n<\/li>\n<li class=\"elementor-repeater-item-4d30f5c\">\n<div class=\"elementor-price-table__feature-inner\"><i class=\"far fa-check-circle\" aria-hidden=\"true\"><\/i>\u00a010 przyk\u0142ad\u00f3w wyszukiwa\u0144 ofert<\/div>\n<\/li>\n<\/ul>\n","protected":false},"excerpt":{"rendered":"<p>Ebook &#8222;Tw\u00f3j dom we W\u0142oszech&#8221; pokazuje w spos\u00f3b przyst\u0119pny i bardzo czytelny krok po kroku ca\u0142y proces zwi\u0105zany z zakupem nieruchomo\u015bci we W\u0142oszech. Od skrupulatnego wybrania lokalizacji, przez wszystkie formalno\u015bci, a\u017c po remont nowego lokum i integracj\u0119 z lokaln\u0105 spo\u0142eczno\u015bci\u0105.<\/p>\n","protected":false},"featured_media":232,"template":"","meta":[],"product_cat":[46],"product_tag":[51,42,41,43],"acf":[],"_links":{"self":[{"href":"https:\/\/gdziewyjechac.pl\/sklep\/wp-json\/wp\/v2\/product\/230"}],"collection":[{"href":"https:\/\/gdziewyjechac.pl\/sklep\/wp-json\/wp\/v2\/product"}],"about":[{"href":"https:\/\/gdziewyjechac.pl\/sklep\/wp-json\/wp\/v2\/types\/product"}],"wp:featuredmedia":[{"embeddable":true,"href":"https:\/\/gdziewyjechac.pl\/sklep\/wp-json\/wp\/v2\/media\/232"}],"wp:attachment":[{"href":"https:\/\/gdziewyjechac.pl\/sklep\/wp-json\/wp\/v2\/media?parent=230"}],"wp:term":[{"taxonomy":"product_cat","embeddable":true,"href":"https:\/\/gdziewyjechac.pl\/sklep\/wp-json\/wp\/v2\/product_cat?post=230"},{"taxonomy":"product_tag","embeddable":true,"href":"https:\/\/gdziewyjechac.pl\/sklep\/wp-json\/wp\/v2\/product_tag?post=230"}],"curies":[{"name":"wp","href":"https:\/\/api.w.org\/{rel}","templated":true}]}}