{"id":265,"date":"2024-05-06T08:40:37","date_gmt":"2024-05-06T08:40:37","guid":{"rendered":"https:\/\/gdziewyjechac.pl\/sklep\/?post_type=product&#038;p=265"},"modified":"2024-12-28T09:28:39","modified_gmt":"2024-12-28T09:28:39","slug":"rzymbook-ebook","status":"publish","type":"product","link":"https:\/\/gdziewyjechac.pl\/sklep\/produkt\/rzymbook-ebook\/","title":{"rendered":"Rzymbook &#8211; ebook"},"content":{"rendered":"<p><strong>Przewodnik inny, ni\u017c wszystkie. Tw\u00f3j klucz do Rzymu!<\/strong><\/p>\n<p>Salve! Oto ksi\u0105\u017cka niezwyk\u0142a, jakiej jeszcze na rynku nie by\u0142o.<\/p>\n<p>Obowi\u0105zkowa pozycja dla wszystkich planuj\u0105cych pierwsz\u0105, drug\u0105 lub kolejn\u0105 podr\u00f3\u017c do Rzymu. Na kr\u00f3tki weekendowy wypad albo ma\u0142y lub wi\u0119kszy urlop. Dla tych, kt\u00f3rzy zwiedzaj\u0105 intensywnie i uwa\u017cnie, jak i tych zakochanych w powolnym i spontanicznym odkrywaniu miasta.<\/p>\n<p>Znajdziesz w niej mas\u0119 porad, informacji praktycznych i prawie 1000 miejsc, kt\u00f3re autorzy, cenieni i nagradzani specjali\u015bci w swojej profesji, sprawdzili i przetestowali przez ostatnie kilka lat odkrywania i opisywania Rzymu. Ka\u017cdej dzielnicy, ka\u017cdego wa\u017cniejszego kwarta\u0142u i ka\u017cdego punktu widokowego. Z Rzymbookiem podr\u00f3\u017c do Rzymu b\u0119dzie przygod\u0105, kt\u00f3rej nie zapomnisz nigdy!<\/p>\n<p><strong>Z Rzymbooka dowiesz si\u0119 mi\u0119dzy innymi:<\/strong><\/p>\n<ul>\n<li>Kiedy polecie\u0107 do Rzymu i jak dopasowa\u0107 urlop<\/li>\n<li>Gdzie dobrze i smacznie zje\u015b\u0107 za rozs\u0105dne pieni\u0105dze<\/li>\n<li>Na co zwr\u00f3ci\u0107 uwag\u0119 przy pakowaniu si\u0119 na wyjazd<\/li>\n<li>Jak \u0142atwo i przyst\u0119pnie zrozumie\u0107 histori\u0119 tego miasta<\/li>\n<li>Jak dotrze\u0107 do Rzymu i si\u0119 po nim porusza\u0107<\/li>\n<li>Co zobaczy\u0107 w ka\u017cdej z dzielnic Rzymu<\/li>\n<li>Jak zaplanowa\u0107 zwiedzanie na 1, 2 oraz 3 dni<\/li>\n<li>Gdzie znale\u017a\u0107 najlepsze punkty widokowe w Rzymie<\/li>\n<li>Jak dotrze\u0107 do mniej obleganych atrakcji poza szlakiem<\/li>\n<li>Gdzie wybra\u0107 miejsce na nocleg i w jakim hotelu spa\u0107<\/li>\n<\/ul>\n<p><strong>Rzymbook w wersji podstawowej to:<\/strong><\/p>\n<ul class=\"elementor-price-table__features-list\">\n<li class=\"elementor-repeater-item-b27c245\">\n<div class=\"elementor-price-table__feature-inner\">\u00a0interaktywny eBook \u201eRzymbook\u201d w formacie PDF<\/div>\n<\/li>\n<li class=\"elementor-repeater-item-61a7cc7\">\n<div class=\"elementor-price-table__feature-inner\"><i class=\"far fa-check-circle\" aria-hidden=\"true\"><\/i>\u00a0Informacje praktyczne o zwiedzaniu Rzymu, polecane restauracje i noclegi<\/div>\n<\/li>\n<li class=\"elementor-repeater-item-1487c33\">\n<div class=\"elementor-price-table__feature-inner\"><i class=\"far fa-check-circle\" aria-hidden=\"true\"><\/i>\u00a0Przewodnik po atrakcjach, zabytkach Rzymu z podzia\u0142em na obszary<\/div>\n<\/li>\n<li class=\"elementor-repeater-item-1f54b63\">\n<div class=\"elementor-price-table__feature-inner\"><i class=\"far fa-check-circle\" aria-hidden=\"true\"><\/i>\u00a0Przysz\u0142e aktualizacje \u201eRzymbooka\u201d<\/div>\n<\/li>\n<\/ul>\n","protected":false},"excerpt":{"rendered":"<p>Rzymbook &#8211; \u00a0interaktywny eBook \u201eRzymbook\u201d w formacie PDF. Obowi\u0105zkowa pozycja dla wszystkich planuj\u0105cych pierwsz\u0105, drug\u0105 lub kolejn\u0105 podr\u00f3\u017c do Rzymu. Na kr\u00f3tki weekendowy wypad albo ma\u0142y lub wi\u0119kszy urlop. Dla tych, kt\u00f3rzy zwiedzaj\u0105 intensywnie i uwa\u017cnie, jak i tych zakochanych w powolnym i spontanicznym odkrywaniu miasta.<\/p>\n","protected":false},"featured_media":262,"template":"","meta":[],"product_cat":[54],"product_tag":[42,59,57,58,56],"acf":[],"_links":{"self":[{"href":"https:\/\/gdziewyjechac.pl\/sklep\/wp-json\/wp\/v2\/product\/265"}],"collection":[{"href":"https:\/\/gdziewyjechac.pl\/sklep\/wp-json\/wp\/v2\/product"}],"about":[{"href":"https:\/\/gdziewyjechac.pl\/sklep\/wp-json\/wp\/v2\/types\/product"}],"wp:featuredmedia":[{"embeddable":true,"href":"https:\/\/gdziewyjechac.pl\/sklep\/wp-json\/wp\/v2\/media\/262"}],"wp:attachment":[{"href":"https:\/\/gdziewyjechac.pl\/sklep\/wp-json\/wp\/v2\/media?parent=265"}],"wp:term":[{"taxonomy":"product_cat","embeddable":true,"href":"https:\/\/gdziewyjechac.pl\/sklep\/wp-json\/wp\/v2\/product_cat?post=265"},{"taxonomy":"product_tag","embeddable":true,"href":"https:\/\/gdziewyjechac.pl\/sklep\/wp-json\/wp\/v2\/product_tag?post=265"}],"curies":[{"name":"wp","href":"https:\/\/api.w.org\/{rel}","templated":true}]}}