{"id":276,"date":"2024-09-10T10:20:12","date_gmt":"2024-09-10T10:20:12","guid":{"rendered":"https:\/\/gdziewyjechac.pl\/sklep\/?post_type=product&#038;p=276"},"modified":"2025-11-27T20:14:54","modified_gmt":"2025-11-27T20:14:54","slug":"pakiet-polska-polska-70-pomyslow-podrozuj-blizej-slaskie-do-odkrycia-ksiazki-drukowane-kopia","status":"publish","type":"product","link":"https:\/\/gdziewyjechac.pl\/sklep\/produkt\/pakiet-polska-polska-70-pomyslow-podrozuj-blizej-slaskie-do-odkrycia-ksiazki-drukowane-kopia\/","title":{"rendered":"PAKIET POLSKA: \u201ePolska. 70 pomys\u0142\u00f3w&#8230;\u201d + \u201ePodr\u00f3\u017cuj bli\u017cej\u201d + \u201e\u015al\u0105skie do Odkrycia\u201d\u200b \u2013 ksi\u0105\u017cki drukowane"},"content":{"rendered":"<h3>O czym jest ksi\u0105\u017cka \u201ePodr\u00f3\u017cuj bli\u017cej\u201d?<\/h3>\n<p>Marzysz o powrocie do podr\u00f3\u017cowania? Ju\u017c, teraz? Chcesz wykorzysta\u0107 ka\u017cd\u0105 okazj\u0119 w tym roku, by podziwia\u0107 sielankowe krajobrazy, w\u0142\u00f3czy\u0107 si\u0119 po lesie i wdycha\u0107 \u015bwie\u017ce powietrze, a przy tym unikn\u0105\u0107 t\u0142um\u00f3w? Mo\u017cesz zrobi\u0107 to w Polsce! Si\u0119gnij po \u201ePodr\u00f3\u017cuj bli\u017cej\u201d i udaj si\u0119 wraz z nami na 21 wycieczek po Polsce mniej znanej, wci\u0105gaj\u0105cej, fascynuj\u0105cej i nieco tajemniczej. To ksi\u0105\u017cka o Polsce inna ni\u017c wszystkie. Nauczymy si\u0119 uwa\u017cno\u015bci, poka\u017cemy jak cieszy\u0107 si\u0119 podr\u00f3\u017c\u0105 po kraju i ci\u0105gle nim mi\u0142o zaskakiwa\u0107. Oto sprawdzone propozycje na weekendy, urlop i wakacje w regionach mniej znanych \u2013 spraw, by by\u0142y w tym roku niezapomniane!<\/p>\n<h3>Co znajdziesz w ksi\u0105\u017cce \u201ePodr\u00f3\u017cuj bli\u017cej\u201d?<\/h3>\n<ul>\n<li>21 opisanych region\u00f3w na urlop, a\u017c 193 miejsca<\/li>\n<li>R\u0119cznie malowane mapy z oznaczonymi atrakcjami<\/li>\n<li>Polecane miejsca noclegowe i restauracje<\/li>\n<li>Mapy Compass gotowe do u\u017cycia w podro\u017cy<\/li>\n<li>Ponad 200 kolorowych zdj\u0119\u0107!<\/li>\n<\/ul>\n<div class=\"elementor-element elementor-element-f003aa2 elementor-widget elementor-widget-heading\" data-id=\"f003aa2\" data-element_type=\"widget\" data-widget_type=\"heading.default\"><\/div>\n<section class=\"elementor-section elementor-inner-section elementor-element elementor-element-3f03a22c elementor-section-content-top elementor-section-boxed elementor-section-height-default elementor-section-height-default\" data-id=\"3f03a22c\" data-element_type=\"section\">\n<div class=\"elementor-container elementor-column-gap-no\">\n<div class=\"elementor-column elementor-col-50 elementor-inner-column elementor-element elementor-element-4d1d9a3d\" data-id=\"4d1d9a3d\" data-element_type=\"column\">\n<div class=\"elementor-widget-wrap elementor-element-populated\">\n<div class=\"elementor-element elementor-element-58a27162 elementor-position-left elementor-view-default elementor-mobile-position-top elementor-vertical-align-top elementor-widget elementor-widget-icon-box\" data-id=\"58a27162\" data-element_type=\"widget\" data-widget_type=\"icon-box.default\">\n<div class=\"elementor-widget-container\">\n<div class=\"elementor-icon-box-wrapper\"><\/div>\n<\/div>\n<\/div>\n<\/div>\n<\/div>\n<\/div>\n<\/section>\n<h3><strong>O czym jest ksi\u0105\u017cka \u201ePolska. 70 pomys\u0142\u00f3w na niezapomniany weekend\u201d?<\/strong><\/h3>\n<p>Daj si\u0119 zaprosi\u0107 na kr\u00f3tkie podr\u00f3\u017ce do 70 ciekawych zak\u0105tk\u00f3w Polski \u2013 zar\u00f3wno tych znanych, jak i tych mniej oczywistych. Ka\u017cdy z nich m\u00f3g\u0142by by\u0107 tematem osobnej opowie\u015bci, jednak postanowili\u015bmy skondensowa\u0107 wiedz\u0119 o tych miejscach w kilku rozdzia\u0142ach tematycznych: od cud\u00f3w techniki po skarby natury, od romantycznych miasteczek po zachwycaj\u0105ce krajobrazy. Zamki, pa\u0142ace, chaty kryte strzech\u0105, postindustrialne przestrzenie i modernistyczne pere\u0142ki.<br \/>\nOd \u017ar\u00f3de\u0142 Wis\u0142y, przez niezwyk\u0142e stepy Ponidzia i ba\u015bniow\u0105 Suwalszczyzn\u0119, po woli\u0144skie klify. Oddajemy w Twoje r\u0119ce autorski przewodnik \u2013 leksykon inspiruj\u0105cych miejsc na intensywny weekend lub wymarzony kr\u00f3tki urlop w Polsce. Nie czekaj i ruszaj w Polsk\u0119 na weekend! A nawet na 70 weekend\u00f3w!<\/p>\n<h3><em><strong>BONUS: audiobook \u201ePodr\u00f3\u017cuj bli\u017cej\u201d GRATIS!<\/strong><\/em><\/h3>\n<h3><strong>O czym jest ksi\u0105\u017cka \u201e\u015al\u0105skie do odkrycia\u201d?<\/strong><\/h3>\n<p>Cho\u0107 wojew\u00f3dztwo \u015bl\u0105skie pe\u0142ne jest podr\u00f3\u017cniczych skarb\u00f3w, wci\u0105\u017c boryka si\u0119 ze starymi stereotypami. Pora to zmieni\u0107! Odkryj z nami wspania\u0142e zamki, pa\u0142ace, g\u00f3rskie szlaki, zabytki postindustrialne i przekonaj si\u0119, jak pi\u0119kny i zielony jest to region. Przygotowali\u015bmy dla Ciebie bardzo konkretne propozycje na wycieczki 1-dniowe, weekendowe oraz nawet na urlop. O ka\u017cdej porze roku. Daj si\u0119 zaprosi\u0107 do \u015bl\u0105skiego, jakiego zapewne jeszcze nie zna\u0142e\u015b.<\/p>\n<h3>Dlaczego warto kupi\u0107 \u201e\u015al\u0105skie do odkrycia\u201d?<\/h3>\n<ul>\n<li>Poznasz ponad 50 fascynuj\u0105cych miejsc<\/li>\n<li>Dowiesz si\u0119, jakie wydarzenia odbywaj\u0105 si\u0119 w \u015bl\u0105skim<br \/>\n\u0141atwo zaplanujesz wycieczk\u0119 o ka\u017cdej porze roku<\/li>\n<li>Poznasz z\u0142o\u017con\u0105 i ciekaw\u0105 histori\u0119 regionu<\/li>\n<li>Mapy elektroniczne z oznaczeniem atrakcji<\/li>\n<li>30 pomys\u0142\u00f3w na wycieczki 1-dniowe<\/li>\n<li>12 precyzyjnie opracowanych weekend\u00f3w<\/li>\n<li>5 propozycji na urlop w wojew\u00f3dztwie \u015bl\u0105skim<\/li>\n<li>304 strony i ponad 200 kolorowych zdj\u0119\u0107<\/li>\n<\/ul>\n","protected":false},"excerpt":{"rendered":"<p>Pakiet trzech ksi\u0105\u017cek drukowanych. Pierwsza pt. &#8222;Polska. 70 pomys\u0142\u00f3w na niezapomniany weekend&#8221; przyda si\u0119 ka\u017cdemu kto planuje eksplorowa\u0107 Polsk\u0119 podczas kr\u00f3tkich &#8211; weekendowych wypad\u00f3w. Ciekawe miejsca i atrakcje ukazane zosta\u0142y w formie kr\u00f3tkich wpis\u00f3w uj\u0119tych r\u00f3\u017cne kategorie tematyczne. Druga za\u015b &#8211; &#8222;Podr\u00f3\u017cuj Bli\u017cej&#8221; to ksi\u0105\u017cka dla wszystkich, kt\u00f3rzy chc\u0105 podr\u00f3\u017cowa\u0107 po Polsce i poznawa\u0107 mniej znane, a niezwykle interesuj\u0105ce miejsca w naszym kraju. Z dala od t\u0142um\u00f3w, a blisko przyrody. Uwa\u017cnie i z pomys\u0142em. &#8222;Podr\u00f3\u017cuj Lepiej&#8221; to praktyczna ksi\u0105\u017cka, kt\u00f3ra zawiera wiele cennych wskaz\u00f3wek dotycz\u0105cych podr\u00f3\u017cowania, pozycjonuj\u0105ca si\u0119 jako poradnik dla pasjonat\u00f3w podr\u00f3\u017cy i entuzjast\u00f3w turystyki. Idealna dla wszystkich, kt\u00f3rzy chc\u0105 samodzielnie zaplanowa\u0107 swoj\u0105 podr\u00f3\u017c.<\/p>\n","protected":false},"featured_media":277,"template":"","meta":[],"product_cat":[16,18,45,20],"product_tag":[50,41,53],"acf":[],"_links":{"self":[{"href":"https:\/\/gdziewyjechac.pl\/sklep\/wp-json\/wp\/v2\/product\/276"}],"collection":[{"href":"https:\/\/gdziewyjechac.pl\/sklep\/wp-json\/wp\/v2\/product"}],"about":[{"href":"https:\/\/gdziewyjechac.pl\/sklep\/wp-json\/wp\/v2\/types\/product"}],"wp:featuredmedia":[{"embeddable":true,"href":"https:\/\/gdziewyjechac.pl\/sklep\/wp-json\/wp\/v2\/media\/277"}],"wp:attachment":[{"href":"https:\/\/gdziewyjechac.pl\/sklep\/wp-json\/wp\/v2\/media?parent=276"}],"wp:term":[{"taxonomy":"product_cat","embeddable":true,"href":"https:\/\/gdziewyjechac.pl\/sklep\/wp-json\/wp\/v2\/product_cat?post=276"},{"taxonomy":"product_tag","embeddable":true,"href":"https:\/\/gdziewyjechac.pl\/sklep\/wp-json\/wp\/v2\/product_tag?post=276"}],"curies":[{"name":"wp","href":"https:\/\/api.w.org\/{rel}","templated":true}]}}