{"id":300,"date":"2024-12-13T08:58:58","date_gmt":"2024-12-13T08:58:58","guid":{"rendered":"https:\/\/gdziewyjechac.pl\/sklep\/?post_type=product&#038;p=300"},"modified":"2025-11-27T15:55:27","modified_gmt":"2025-11-27T15:55:27","slug":"rzymbook-ksiazka-drukowana","status":"publish","type":"product","link":"https:\/\/gdziewyjechac.pl\/sklep\/produkt\/rzymbook-ksiazka-drukowana\/","title":{"rendered":"Rzymbook &#8211; ksi\u0105\u017cka drukowana (v. 2.0)"},"content":{"rendered":"<p>Przewodnik inny, ni\u017c wszystkie. Tw\u00f3j klucz do Rzymu! <strong>(WYDANIE 2.0 uaktualnione wrzesie\u0144 2025)<\/strong><\/p>\n<p>Salve! Oto ksi\u0105\u017cka niezwyk\u0142a, jakiej jeszcze na rynku nie by\u0142o.<\/p>\n<p>Obowi\u0105zkowa pozycja dla wszystkich planuj\u0105cych pierwsz\u0105, drug\u0105 lub kolejn\u0105 podr\u00f3\u017c do Rzymu. Na kr\u00f3tki weekendowy wypad albo ma\u0142y lub wi\u0119kszy urlop. Dla tych, kt\u00f3rzy zwiedzaj\u0105 intensywnie i uwa\u017cnie, jak i tych zakochanych w powolnym i spontanicznym odkrywaniu miasta.<\/p>\n<p>Znajdziesz w niej mas\u0119 porad, informacji praktycznych i prawie 1000 miejsc, kt\u00f3re autorzy, cenieni i nagradzani specjali\u015bci w swojej profesji, sprawdzili i przetestowali przez ostatnie kilka lat odkrywania i opisywania Rzymu. Ka\u017cdej dzielnicy, ka\u017cdego wa\u017cniejszego kwarta\u0142u i ka\u017cdego punktu widokowego. Z Rzymbookiem podr\u00f3\u017c do Rzymu b\u0119dzie przygod\u0105, kt\u00f3rej nie zapomnisz nigdy!<\/p>\n<h3>Z Rzymbooka dowiesz si\u0119 mi\u0119dzy innymi:<\/h3>\n<p>Kiedy polecie\u0107 do Rzymu i jak dopasowa\u0107 urlop<br \/>\nGdzie dobrze i smacznie zje\u015b\u0107 za rozs\u0105dne pieni\u0105dze<br \/>\nNa co zwr\u00f3ci\u0107 uwag\u0119 przy pakowaniu si\u0119 na wyjazd<br \/>\nJak \u0142atwo i przyst\u0119pnie zrozumie\u0107 histori\u0119 tego miasta<br \/>\nJak dotrze\u0107 do Rzymu i si\u0119 po nim porusza\u0107<br \/>\nCo zobaczy\u0107 w ka\u017cdej z dzielnic Rzymu<br \/>\nJak zaplanowa\u0107 zwiedzanie na 1, 2 oraz 3 dni<br \/>\nGdzie znale\u017a\u0107 najlepsze punkty widokowe w Rzymie<br \/>\nJak dotrze\u0107 do mniej obleganych atrakcji poza szlakiem<br \/>\nGdzie wybra\u0107 miejsce na nocleg i w jakim hotelu spa\u0107<\/p>\n<p><strong>Rzymbook w tej wersji to:<\/strong><\/p>\n<p>Pi\u0119knie ilustrowana ksi\u0105\u017cka &#8222;Rzymbook&#8221; w wersji drukowanej<br \/>\nInformacje praktyczne o zwiedzaniu Rzymu, polecane restauracje i noclegi<br \/>\nPrzewodnik po atrakcjach, zabytkach Rzymu z podzia\u0142em na obszary<br \/>\nPrzysz\u0142e aktualizacje \u201eRzymbooka\u201d<\/p>\n","protected":false},"excerpt":{"rendered":"<p>Rzymbook to obowi\u0105zkowa pozycja dla wszystkich planuj\u0105cych pierwsz\u0105, drug\u0105 lub kolejn\u0105 podr\u00f3\u017c do Rzymu. Na kr\u00f3tki weekendowy wypad albo ma\u0142y lub wi\u0119kszy urlop. Dla tych, kt\u00f3rzy zwiedzaj\u0105 intensywnie i uwa\u017cnie, jak i tych zakochanych w powolnym i spontanicznym odkrywaniu miasta.<\/p>\n","protected":false},"featured_media":329,"template":"","meta":[],"product_cat":[54],"product_tag":[41,58,56],"acf":[],"_links":{"self":[{"href":"https:\/\/gdziewyjechac.pl\/sklep\/wp-json\/wp\/v2\/product\/300"}],"collection":[{"href":"https:\/\/gdziewyjechac.pl\/sklep\/wp-json\/wp\/v2\/product"}],"about":[{"href":"https:\/\/gdziewyjechac.pl\/sklep\/wp-json\/wp\/v2\/types\/product"}],"wp:featuredmedia":[{"embeddable":true,"href":"https:\/\/gdziewyjechac.pl\/sklep\/wp-json\/wp\/v2\/media\/329"}],"wp:attachment":[{"href":"https:\/\/gdziewyjechac.pl\/sklep\/wp-json\/wp\/v2\/media?parent=300"}],"wp:term":[{"taxonomy":"product_cat","embeddable":true,"href":"https:\/\/gdziewyjechac.pl\/sklep\/wp-json\/wp\/v2\/product_cat?post=300"},{"taxonomy":"product_tag","embeddable":true,"href":"https:\/\/gdziewyjechac.pl\/sklep\/wp-json\/wp\/v2\/product_tag?post=300"}],"curies":[{"name":"wp","href":"https:\/\/api.w.org\/{rel}","templated":true}]}}