{"id":335,"date":"2025-11-27T16:13:06","date_gmt":"2025-11-27T16:13:06","guid":{"rendered":"https:\/\/gdziewyjechac.pl\/sklep\/?post_type=product&#038;p=335"},"modified":"2025-11-27T16:39:58","modified_gmt":"2025-11-27T16:39:58","slug":"rzymbook-rzym-foodtour","status":"publish","type":"product","link":"https:\/\/gdziewyjechac.pl\/sklep\/produkt\/rzymbook-rzym-foodtour\/","title":{"rendered":"Rzymbook + Rzym Foodtour"},"content":{"rendered":"<p>Przewodniki inne, ni\u017c wszystkie. Tw\u00f3j klucz do atrakcji i smak\u00f3w Rzymu! <strong>(WYDANIE 2.0 uaktualnione wrzesie\u0144 2025)<\/strong><\/p>\n<p>Salve! Oto ksi\u0105\u017cki niezwyk\u0142e, jakich jeszcze na rynku nie by\u0142o.<\/p>\n<p>Obowi\u0105zkowa pozycja dla wszystkich planuj\u0105cych pierwsz\u0105, drug\u0105 lub kolejn\u0105 podr\u00f3\u017c do Rzymu. Na kr\u00f3tki weekendowy wypad albo ma\u0142y lub wi\u0119kszy urlop. Dla tych, kt\u00f3rzy zwiedzaj\u0105 intensywnie i uwa\u017cnie, jak i tych zakochanych w powolnym i spontanicznym odkrywaniu miasta.<\/p>\n<p><strong>RZYMBOOK:<\/strong> Znajdziesz w niej mas\u0119 porad, informacji praktycznych i prawie 1000 miejsc, kt\u00f3re autorzy, cenieni i nagradzani specjali\u015bci w swojej profesji, sprawdzili i przetestowali przez ostatnie kilka lat odkrywania i opisywania Rzymu. Ka\u017cdej dzielnicy, ka\u017cdego wa\u017cniejszego kwarta\u0142u i ka\u017cdego punktu widokowego. Ksi\u0105\u017cka zosta\u0142a uznana za &#8222;najlepsz\u0105 polskoj\u0119zyczn\u0105 pozycj\u0119 o Rzymie&#8221; przez renomowany portal Lubimyczyta.pl. Z Rzymbookiem podr\u00f3\u017c do Rzymu b\u0119dzie przygod\u0105, kt\u00f3rej nie zapomnisz nigdy!<\/p>\n<p><strong>RZYMFOODTOUR:<\/strong> Ksi\u0105\u017cka idealna dla wszystkich mi\u0142o\u015bnik\u00f3w Rzymu, smak\u00f3w Wiecznego Miasta i kuchni w\u0142oskiej, ale tak\u017ce dla tych, kt\u00f3rzy wybieraj\u0105 si\u0119 na sw\u00f3j pierwszy kulinarny tour po tym wspania\u0142ym mie\u015bcie. Na ponad 340 stronach znajdziesz liczne historie i ciekawostki, kilkadziesi\u0105t sprawdzonych miejsc i kulinarnych porad, a tak\u017ce targowiska, przepisy oraz tajne miejsca. Agnieszka Koper<strong>.<\/strong> Ceniona i lubiana ekspertka od kuchni w\u0142oskiej oraz kulinarna przewodniczka. Od ponad 25 lat mieszka we W\u0142oszech, gdzie na co dzie\u0144 zajmuje si\u0119 edukacj\u0105 kulinarn\u0105 i przybli\u017caniem w\u0142oskiej kuchni poprzez do\u015bwiadczenia. Tworzy warsztaty, food toury i podr\u00f3\u017ce kulinarne, skupiaj\u0105c si\u0119 na tym, co codzienne, sezonowe i wa\u017cne dla lokalnych spo\u0142eczno\u015bci.<\/p>\n<h3>Z Rzymbooka dowiesz si\u0119 mi\u0119dzy innymi:<\/h3>\n<p>Kiedy polecie\u0107 do Rzymu i jak dopasowa\u0107 urlop<br \/>\nGdzie dobrze i smacznie zje\u015b\u0107 za rozs\u0105dne pieni\u0105dze<br \/>\nNa co zwr\u00f3ci\u0107 uwag\u0119 przy pakowaniu si\u0119 na wyjazd<br \/>\nJak \u0142atwo i przyst\u0119pnie zrozumie\u0107 histori\u0119 tego miasta<br \/>\nJak dotrze\u0107 do Rzymu i si\u0119 po nim porusza\u0107<br \/>\nCo zobaczy\u0107 w ka\u017cdej z dzielnic Rzymu<br \/>\nJak zaplanowa\u0107 zwiedzanie na 1, 2 oraz 3 dni<br \/>\nGdzie znale\u017a\u0107 najlepsze punkty widokowe w Rzymie<br \/>\nJak dotrze\u0107 do mniej obleganych atrakcji poza szlakiem<br \/>\nGdzie wybra\u0107 miejsce na nocleg i w jakim hotelu spa\u0107<\/p>\n<h3>Z \u201eRzym Food Tour\u201d dowiesz si\u0119 mi\u0119dzy innymi:<\/h3>\n<p>Czym charakteryzuje si\u0119 kuchnia rzymska<br \/>\nGdzie, co i kiedy jadaj\u0105 sami Rzymianie<br \/>\nZ czego sk\u0142ada si\u0119 prawdziwa amatriciana lub carbonara<br \/>\nDok\u0105d p\u00f3j\u015b\u0107 na \u015bniadanie, a gdzie zje\u015b\u0107 obiad po 15:00<br \/>\nJakie s\u0105 kulinarne sezony w Rzymie i czego spr\u00f3bowa\u0107<br \/>\nSk\u0105d pochodz\u0105 najs\u0142ynniejsze dania i produkty Lacjum<br \/>\nKt\u00f3re kulinarne pere\u0142ki omijaj\u0105 popularne przewodniki<br \/>\nCzym charakteryzuj\u0105 si\u0119 rzymskie targowiska<br \/>\nJaki jest sprawdzony street food w Rzymie<br \/>\nKto robi najlepsze lody w Rzymie<\/p>\n<h3><a href=\"https:\/\/manufakturaksiazek.salescrm.pl\/cart\/add_product_set\/3658\"><strong>KUP W ZESTAWIE I ZAOSZCZ\u0118D\u0179!<\/strong><\/a><\/h3>\n","protected":false},"excerpt":{"rendered":"<p>Rzymbook to obowi\u0105zkowa pozycja dla wszystkich planuj\u0105cych pierwsz\u0105, drug\u0105 lub kolejn\u0105 podr\u00f3\u017c do Rzymu. Na kr\u00f3tki weekendowy wypad albo ma\u0142y lub wi\u0119kszy urlop. Dla tych, kt\u00f3rzy zwiedzaj\u0105 intensywnie i uwa\u017cnie, jak i tych zakochanych w powolnym i spontanicznym odkrywaniu miasta.<\/p>\n<p>Rzym Foodtour to si\u0105\u017cka idealna dla wszystkich mi\u0142o\u015bnik\u00f3w Rzymu, smak\u00f3w Wiecznego Miasta i kuchni w\u0142oskiej, ale tak\u017ce dla tych, kt\u00f3rzy wybieraj\u0105 si\u0119 na sw\u00f3j pierwszy kulinarny tour po tym wspania\u0142ym mie\u015bcie<\/p>\n","protected":false},"featured_media":336,"template":"","meta":[],"product_cat":[54],"product_tag":[41,58,65,56],"acf":[],"_links":{"self":[{"href":"https:\/\/gdziewyjechac.pl\/sklep\/wp-json\/wp\/v2\/product\/335"}],"collection":[{"href":"https:\/\/gdziewyjechac.pl\/sklep\/wp-json\/wp\/v2\/product"}],"about":[{"href":"https:\/\/gdziewyjechac.pl\/sklep\/wp-json\/wp\/v2\/types\/product"}],"wp:featuredmedia":[{"embeddable":true,"href":"https:\/\/gdziewyjechac.pl\/sklep\/wp-json\/wp\/v2\/media\/336"}],"wp:attachment":[{"href":"https:\/\/gdziewyjechac.pl\/sklep\/wp-json\/wp\/v2\/media?parent=335"}],"wp:term":[{"taxonomy":"product_cat","embeddable":true,"href":"https:\/\/gdziewyjechac.pl\/sklep\/wp-json\/wp\/v2\/product_cat?post=335"},{"taxonomy":"product_tag","embeddable":true,"href":"https:\/\/gdziewyjechac.pl\/sklep\/wp-json\/wp\/v2\/product_tag?post=335"}],"curies":[{"name":"wp","href":"https:\/\/api.w.org\/{rel}","templated":true}]}}