{"id":65,"date":"2023-02-03T12:58:17","date_gmt":"2023-02-03T12:58:17","guid":{"rendered":"https:\/\/gdziewyjechac.pl\/sklep\/?post_type=product&#038;p=65"},"modified":"2023-04-19T11:48:30","modified_gmt":"2023-04-19T11:48:30","slug":"pakiet-premium-ksiazka-drukowana-podrozuj-lepiej-e-book-w-pdf","status":"publish","type":"product","link":"https:\/\/gdziewyjechac.pl\/sklep\/produkt\/pakiet-premium-ksiazka-drukowana-podrozuj-lepiej-e-book-w-pdf\/","title":{"rendered":"Pakiet PREMIUM (ksi\u0105\u017cka drukowana \u201ePodr\u00f3\u017cuj lepiej\u201d, e-book w PDF)"},"content":{"rendered":"<h3><strong>O czym jest ksi\u0105\u017cka \u201ePodr\u00f3\u017cuj Lepiej\u201d?<\/strong><\/h3>\n<div class=\"elementor-element elementor-element-f003aa2 elementor-widget elementor-widget-heading\" data-id=\"f003aa2\" data-element_type=\"widget\" data-widget_type=\"heading.default\">\n<div class=\"elementor-widget-container\">Podr\u00f3\u017cuj kilkana\u015bcie razy w roku, nie rezygnuj\u0105c z etatu! SPRYTNIEJ, M\u0104DRZEJ, TANIEJ! Odliczasz dni do najbli\u017cszego urlopu, siedz\u0105c w biurze? Ale do tego daleko? Marzysz o podr\u00f3\u017cach, ale my\u015blisz, \u017ce sta\u0107 Ci\u0119 na nie tylko raz w roku? A mo\u017ce uwa\u017casz, \u017ce nie masz czasu na liczne wypady. Mylisz si\u0119! Dzi\u0119ki ksi\u0105\u017cce \u201ePodr\u00f3\u017cuj lepiej\u201d poznasz nasz sprawdzony przez lata spos\u00f3b na nawet kilkana\u015bcie wyjazd\u00f3w w ci\u0105gu roku: tych bliskich, dalszych i egzotycznych. I wcale nie musisz rezygnowa\u0107 z pracy ani zarabia\u0107 wi\u0119cej ni\u017c \u015brednia krajowa, by marzenie sta\u0142o si\u0119 faktem. Jeste\u015b gotowy na podr\u00f3\u017c \u017cycia? No to w drog\u0119!<\/div>\n<\/div>\n<div class=\"elementor-element elementor-element-24b8888f elementor-widget elementor-widget-heading\" data-id=\"24b8888f\" data-element_type=\"widget\" data-widget_type=\"heading.default\">\n<div class=\"elementor-widget-container\">\n<h3 class=\"elementor-heading-title elementor-size-default\">Kupuj\u0105c ksi\u0105\u017ck\u0119 dowiesz si\u0119:<\/h3>\n<\/div>\n<\/div>\n<section class=\"elementor-section elementor-inner-section elementor-element elementor-element-3f03a22c elementor-section-content-top elementor-section-boxed elementor-section-height-default elementor-section-height-default\" data-id=\"3f03a22c\" data-element_type=\"section\">\n<div class=\"elementor-container elementor-column-gap-no\">\n<div class=\"elementor-column elementor-col-50 elementor-inner-column elementor-element elementor-element-4d1d9a3d\" data-id=\"4d1d9a3d\" data-element_type=\"column\">\n<div class=\"elementor-widget-wrap elementor-element-populated\">\n<div class=\"elementor-element elementor-element-58a27162 elementor-position-left elementor-view-default elementor-mobile-position-top elementor-vertical-align-top elementor-widget elementor-widget-icon-box\" data-id=\"58a27162\" data-element_type=\"widget\" data-widget_type=\"icon-box.default\">\n<div class=\"elementor-widget-container\">\n<div class=\"elementor-icon-box-wrapper\">\n<ul>\n<li class=\"elementor-icon-box-icon\">Jak zaplanowa\u0107 urlop idealny i go nie zmarnowa\u0107<\/li>\n<li class=\"elementor-icon-box-icon\">Jak zdoby\u0107 czas i got\u00f3wk\u0119 na podr\u00f3\u017ce<\/li>\n<li class=\"elementor-icon-box-icon\">Jak lata\u0107 po \u015bwiecie za naprawd\u0119 rozs\u0105dne pieni\u0105dze<\/li>\n<li class=\"elementor-icon-box-icon\">Jak wyszuka\u0107 atrakcyjny nocleg z pi\u0119knym widokiem w dobrej cenie<\/li>\n<li class=\"elementor-icon-box-icon\">Jak i kiedy podr\u00f3\u017cowa\u0107 po Europie<\/li>\n<li class=\"elementor-icon-box-icon\">Jak nie przep\u0142aca\u0107 za baga\u017ce i unikn\u0105\u0107 ukrytych op\u0142at<\/li>\n<li class=\"elementor-icon-box-icon\">Jak zwiedza\u0107 efektywnie, by nie zbankrutowa\u0107<\/li>\n<li class=\"elementor-icon-box-icon\">Jak zadba\u0107 o bezpiecze\u0144stwo swoje i pieni\u0119dzy w czasie wyjazdu<\/li>\n<\/ul>\n<h3>Co dodatkowo zawiera Pakiet Premium:<\/h3>\n<ul>\n<li>Ksi\u0105\u017cka \u201ePodr\u00f3\u017cuj lepiej\u201d w wersji drukowanej\u200b \u2013 WYDANIE 2021<\/li>\n<li>eBook \u201ePodr\u00f3\u017cuj lepiej\u201d w PDF<\/li>\n<li>Dost\u0119p do specjalnej grupy poradnikowej na Facebooku<\/li>\n<\/ul>\n<\/div>\n<\/div>\n<\/div>\n<\/div>\n<\/div>\n<\/div>\n<\/section>\n","protected":false},"excerpt":{"rendered":"<p>&#8222;Podr\u00f3\u017cuj Lepiej&#8221; to inspiruj\u0105ca i praktyczna ksi\u0105\u017cka, kt\u00f3ra zawiera wiele cennych wskaz\u00f3wek dotycz\u0105cych podr\u00f3\u017cowania, pozycjonuj\u0105ca si\u0119 jako poradnik dla pasjonat\u00f3w podr\u00f3\u017cy i entuzjast\u00f3w turystyki. Idealna dla wszystkich, kt\u00f3rzy chc\u0105 samodzielnie zaplanowa\u0107 swoj\u0105 podr\u00f3\u017c.<\/p>\n","protected":false},"featured_media":66,"template":"","meta":[],"product_cat":[19],"product_tag":[42,41],"acf":[],"_links":{"self":[{"href":"https:\/\/gdziewyjechac.pl\/sklep\/wp-json\/wp\/v2\/product\/65"}],"collection":[{"href":"https:\/\/gdziewyjechac.pl\/sklep\/wp-json\/wp\/v2\/product"}],"about":[{"href":"https:\/\/gdziewyjechac.pl\/sklep\/wp-json\/wp\/v2\/types\/product"}],"wp:featuredmedia":[{"embeddable":true,"href":"https:\/\/gdziewyjechac.pl\/sklep\/wp-json\/wp\/v2\/media\/66"}],"wp:attachment":[{"href":"https:\/\/gdziewyjechac.pl\/sklep\/wp-json\/wp\/v2\/media?parent=65"}],"wp:term":[{"taxonomy":"product_cat","embeddable":true,"href":"https:\/\/gdziewyjechac.pl\/sklep\/wp-json\/wp\/v2\/product_cat?post=65"},{"taxonomy":"product_tag","embeddable":true,"href":"https:\/\/gdziewyjechac.pl\/sklep\/wp-json\/wp\/v2\/product_tag?post=65"}],"curies":[{"name":"wp","href":"https:\/\/api.w.org\/{rel}","templated":true}]}}