{"id":77,"date":"2023-02-03T13:07:31","date_gmt":"2023-02-03T13:07:31","guid":{"rendered":"https:\/\/gdziewyjechac.pl\/sklep\/?post_type=product&#038;p=77"},"modified":"2023-04-19T17:53:37","modified_gmt":"2023-04-19T17:53:37","slug":"podrozuj-blizej-pakiet-ebasic-ebook","status":"publish","type":"product","link":"https:\/\/gdziewyjechac.pl\/sklep\/produkt\/podrozuj-blizej-pakiet-ebasic-ebook\/","title":{"rendered":"\u201ePodr\u00f3\u017cuj bli\u017cej\u201d \u2013 pakiet eBASIC (ebook)"},"content":{"rendered":"<h3>O czym jest ksi\u0105\u017cka \u201ePodr\u00f3\u017cuj bli\u017cej\u201d?<\/h3>\n<p>Marzysz o powrocie do podr\u00f3\u017cowania? Ju\u017c, teraz? Chcesz wykorzysta\u0107 ka\u017cd\u0105 okazj\u0119 w tym roku, by podziwia\u0107 sielankowe krajobrazy, w\u0142\u00f3czy\u0107 si\u0119 po lesie i wdycha\u0107 \u015bwie\u017ce powietrze, a przy tym unikn\u0105\u0107 t\u0142um\u00f3w? Mo\u017cesz zrobi\u0107 to w Polsce! Si\u0119gnij po \u201ePodr\u00f3\u017cuj bli\u017cej\u201d i udaj si\u0119 wraz z nami na 21 wycieczek po Polsce mniej znanej, wci\u0105gaj\u0105cej, fascynuj\u0105cej i nieco tajemniczej. To ksi\u0105\u017cka o Polsce inna ni\u017c wszystkie. Nauczymy si\u0119 uwa\u017cno\u015bci, poka\u017cemy jak cieszy\u0107 si\u0119 podr\u00f3\u017c\u0105 po kraju i ci\u0105gle nim mi\u0142o zaskakiwa\u0107. Oto sprawdzone propozycje na weekendy, urlop i wakacje w regionach mniej znanych \u2013 spraw, by by\u0142y w tym roku niezapomniane!<\/p>\n<h3>Co znajdziesz w ksi\u0105\u017cce \u201ePodr\u00f3\u017cuj bli\u017cej\u201d?<\/h3>\n<ul>\n<li>21 opisanych region\u00f3w na urlop, a\u017c 193 miejsca<\/li>\n<li>R\u0119cznie malowane mapy z oznaczonymi atrakcjami<\/li>\n<li>Polecane miejsca noclegowe i restauracje<\/li>\n<li>Mapy Compass gotowe do u\u017cycia w podro\u017cy<\/li>\n<li>Ponad 200 kolorowych zdj\u0119\u0107!<\/li>\n<\/ul>\n<p>Je\u015bli masz ochot\u0119 kupi\u0107 wersj\u0105 cyfrow\u0105 naszej ksi\u0105\u017cki, to wybieraj\u0105c pakiet e-Basic \u201ePodr\u00f3\u017cuj bli\u017cej\u201d, dostaniesz e-booka w dw\u00f3ch wersjach ok\u0142adkowych.<\/p>\n","protected":false},"excerpt":{"rendered":"<p>&#8222;Podr\u00f3\u017cuj Bli\u017cej&#8221; to ksi\u0105\u017cka dla wszystkich, kt\u00f3rzy chc\u0105 podr\u00f3\u017cowa\u0107 po Polsce i poznawa\u0107 mniej znane, a niezwykle interesuj\u0105ce miejsca w naszym kraju. Z dala od t\u0142um\u00f3w, a blisko przyrody. Uwa\u017cnie i z pomys\u0142em.<\/p>\n","protected":false},"featured_media":78,"template":"","meta":[],"product_cat":[18],"product_tag":[42],"acf":[],"_links":{"self":[{"href":"https:\/\/gdziewyjechac.pl\/sklep\/wp-json\/wp\/v2\/product\/77"}],"collection":[{"href":"https:\/\/gdziewyjechac.pl\/sklep\/wp-json\/wp\/v2\/product"}],"about":[{"href":"https:\/\/gdziewyjechac.pl\/sklep\/wp-json\/wp\/v2\/types\/product"}],"wp:featuredmedia":[{"embeddable":true,"href":"https:\/\/gdziewyjechac.pl\/sklep\/wp-json\/wp\/v2\/media\/78"}],"wp:attachment":[{"href":"https:\/\/gdziewyjechac.pl\/sklep\/wp-json\/wp\/v2\/media?parent=77"}],"wp:term":[{"taxonomy":"product_cat","embeddable":true,"href":"https:\/\/gdziewyjechac.pl\/sklep\/wp-json\/wp\/v2\/product_cat?post=77"},{"taxonomy":"product_tag","embeddable":true,"href":"https:\/\/gdziewyjechac.pl\/sklep\/wp-json\/wp\/v2\/product_tag?post=77"}],"curies":[{"name":"wp","href":"https:\/\/api.w.org\/{rel}","templated":true}]}}