{"id":79,"date":"2023-02-03T13:09:12","date_gmt":"2023-02-03T13:09:12","guid":{"rendered":"https:\/\/gdziewyjechac.pl\/sklep\/?post_type=product&#038;p=79"},"modified":"2024-12-13T08:22:47","modified_gmt":"2024-12-13T08:22:47","slug":"podrozuj-blizej-podrozuj-lepiej-drukowane","status":"publish","type":"product","link":"https:\/\/gdziewyjechac.pl\/sklep\/produkt\/podrozuj-blizej-podrozuj-lepiej-drukowane\/","title":{"rendered":"\u201ePodr\u00f3\u017cuj bli\u017cej\u201d + \u201ePodr\u00f3\u017cuj lepiej\u201d drukowane"},"content":{"rendered":"<h3><strong>O czym jest ksi\u0105\u017cka \u201ePodr\u00f3\u017cuj Lepiej\u201d?<\/strong><\/h3>\n<div class=\"elementor-element elementor-element-f003aa2 elementor-widget elementor-widget-heading\" data-id=\"f003aa2\" data-element_type=\"widget\" data-widget_type=\"heading.default\">\n<div class=\"elementor-widget-container\">Podr\u00f3\u017cuj kilkana\u015bcie razy w roku, nie rezygnuj\u0105c z etatu! SPRYTNIEJ, M\u0104DRZEJ, TANIEJ! Odliczasz dni do najbli\u017cszego urlopu, siedz\u0105c w biurze? Ale do tego daleko? Marzysz o podr\u00f3\u017cach, ale my\u015blisz, \u017ce sta\u0107 Ci\u0119 na nie tylko raz w roku? A mo\u017ce uwa\u017casz, \u017ce nie masz czasu na liczne wypady. Mylisz si\u0119! Dzi\u0119ki ksi\u0105\u017cce \u201ePodr\u00f3\u017cuj lepiej\u201d poznasz nasz sprawdzony przez lata spos\u00f3b na nawet kilkana\u015bcie wyjazd\u00f3w w ci\u0105gu roku: tych bliskich, dalszych i egzotycznych. I wcale nie musisz rezygnowa\u0107 z pracy ani zarabia\u0107 wi\u0119cej ni\u017c \u015brednia krajowa, by marzenie sta\u0142o si\u0119 faktem. Jeste\u015b gotowy na podr\u00f3\u017c \u017cycia? No to w drog\u0119!<\/div>\n<\/div>\n<div>\n<div class=\"elementor-element elementor-element-24b8888f elementor-widget elementor-widget-heading\" data-id=\"24b8888f\" data-element_type=\"widget\" data-widget_type=\"heading.default\">\n<div class=\"elementor-widget-container\">\n<h3 class=\"elementor-heading-title elementor-size-default\">Kupuj\u0105c ksi\u0105\u017ck\u0119 dowiesz si\u0119:<\/h3>\n<\/div>\n<\/div>\n<section class=\"elementor-section elementor-inner-section elementor-element elementor-element-3f03a22c elementor-section-content-top elementor-section-boxed elementor-section-height-default elementor-section-height-default\" data-id=\"3f03a22c\" data-element_type=\"section\">\n<div class=\"elementor-container elementor-column-gap-no\">\n<div class=\"elementor-column elementor-col-50 elementor-inner-column elementor-element elementor-element-4d1d9a3d\" data-id=\"4d1d9a3d\" data-element_type=\"column\">\n<div class=\"elementor-widget-wrap elementor-element-populated\">\n<div class=\"elementor-element elementor-element-58a27162 elementor-position-left elementor-view-default elementor-mobile-position-top elementor-vertical-align-top elementor-widget elementor-widget-icon-box\" data-id=\"58a27162\" data-element_type=\"widget\" data-widget_type=\"icon-box.default\">\n<div class=\"elementor-widget-container\">\n<div class=\"elementor-icon-box-wrapper\">\n<ul>\n<li class=\"elementor-icon-box-icon\">Jak zaplanowa\u0107 urlop idealny i go nie zmarnowa\u0107<\/li>\n<li class=\"elementor-icon-box-icon\">Jak zdoby\u0107 czas i got\u00f3wk\u0119 na podr\u00f3\u017ce<\/li>\n<li class=\"elementor-icon-box-icon\">Jak lata\u0107 po \u015bwiecie za naprawd\u0119 rozs\u0105dne pieni\u0105dze<\/li>\n<li class=\"elementor-icon-box-icon\">Jak wyszuka\u0107 atrakcyjny nocleg z pi\u0119knym widokiem w dobrej cenie<\/li>\n<li class=\"elementor-icon-box-icon\">Jak i kiedy podr\u00f3\u017cowa\u0107 po Europie<\/li>\n<li class=\"elementor-icon-box-icon\">Jak nie przep\u0142aca\u0107 za baga\u017ce i unikn\u0105\u0107 ukrytych op\u0142at<\/li>\n<li class=\"elementor-icon-box-icon\">Jak zwiedza\u0107 efektywnie, by nie zbankrutowa\u0107<\/li>\n<li class=\"elementor-icon-box-icon\">Jak zadba\u0107 o bezpiecze\u0144stwo swoje i pieni\u0119dzy w czasie wyjazdu<\/li>\n<\/ul>\n<h3>O czym jest ksi\u0105\u017cka \u201ePodr\u00f3\u017cuj bli\u017cej\u201d?<\/h3>\n<p>Marzysz o powrocie do podr\u00f3\u017cowania? Ju\u017c, teraz? Chcesz wykorzysta\u0107 ka\u017cd\u0105 okazj\u0119 w tym roku, by podziwia\u0107 sielankowe krajobrazy, w\u0142\u00f3czy\u0107 si\u0119 po lesie i wdycha\u0107 \u015bwie\u017ce powietrze, a przy tym unikn\u0105\u0107 t\u0142um\u00f3w? Mo\u017cesz zrobi\u0107 to w Polsce! Si\u0119gnij po \u201ePodr\u00f3\u017cuj bli\u017cej\u201d i udaj si\u0119 wraz z nami na 21 wycieczek po Polsce mniej znanej, wci\u0105gaj\u0105cej, fascynuj\u0105cej i nieco tajemniczej. To ksi\u0105\u017cka o Polsce inna ni\u017c wszystkie. Nauczymy si\u0119 uwa\u017cno\u015bci, poka\u017cemy jak cieszy\u0107 si\u0119 podr\u00f3\u017c\u0105 po kraju i ci\u0105gle nim mi\u0142o zaskakiwa\u0107. Oto sprawdzone propozycje na weekendy, urlop i wakacje w regionach mniej znanych \u2013 spraw, by by\u0142y w tym roku niezapomniane!<\/p>\n<h3>Co znajdziesz w ksi\u0105\u017cce \u201ePodr\u00f3\u017cuj bli\u017cej\u201d?<\/h3>\n<ul>\n<li>21 opisanych region\u00f3w na urlop, a\u017c 193 miejsca<\/li>\n<li>R\u0119cznie malowane mapy z oznaczonymi atrakcjami<\/li>\n<li>Polecane miejsca noclegowe i restauracje<\/li>\n<li>Mapy Compass gotowe do u\u017cycia w podro\u017cy<\/li>\n<li>Ponad 200 kolorowych zdj\u0119\u0107!<\/li>\n<\/ul>\n<\/div>\n<\/div>\n<\/div>\n<\/div>\n<\/div>\n<\/div>\n<\/section>\n<\/div>\n","protected":false},"excerpt":{"rendered":"<p>&#8222;Podr\u00f3\u017cuj Bli\u017cej&#8221; to ksi\u0105\u017cka dla wszystkich, kt\u00f3rzy chc\u0105 podr\u00f3\u017cowa\u0107 po Polsce i poznawa\u0107 mniej znane, a niezwykle interesuj\u0105ce miejsca w naszym kraju. Z dala od t\u0142um\u00f3w, a blisko przyrody. Uwa\u017cnie i z pomys\u0142em. &#8222;Podr\u00f3\u017cuj Lepiej&#8221; to inspiruj\u0105ca i praktyczna ksi\u0105\u017cka, kt\u00f3ra zawiera wiele cennych wskaz\u00f3wek dotycz\u0105cych podr\u00f3\u017cowania, pozycjonuj\u0105ca si\u0119 jako poradnik dla pasjonat\u00f3w podr\u00f3\u017cy i entuzjast\u00f3w turystyki. Idealna dla wszystkich, kt\u00f3rzy chc\u0105 samodzielnie zaplanowa\u0107 swoj\u0105 podr\u00f3\u017c.<\/p>\n","protected":false},"featured_media":80,"template":"","meta":[],"product_cat":[18,19,20],"product_tag":[41],"acf":[],"_links":{"self":[{"href":"https:\/\/gdziewyjechac.pl\/sklep\/wp-json\/wp\/v2\/product\/79"}],"collection":[{"href":"https:\/\/gdziewyjechac.pl\/sklep\/wp-json\/wp\/v2\/product"}],"about":[{"href":"https:\/\/gdziewyjechac.pl\/sklep\/wp-json\/wp\/v2\/types\/product"}],"wp:featuredmedia":[{"embeddable":true,"href":"https:\/\/gdziewyjechac.pl\/sklep\/wp-json\/wp\/v2\/media\/80"}],"wp:attachment":[{"href":"https:\/\/gdziewyjechac.pl\/sklep\/wp-json\/wp\/v2\/media?parent=79"}],"wp:term":[{"taxonomy":"product_cat","embeddable":true,"href":"https:\/\/gdziewyjechac.pl\/sklep\/wp-json\/wp\/v2\/product_cat?post=79"},{"taxonomy":"product_tag","embeddable":true,"href":"https:\/\/gdziewyjechac.pl\/sklep\/wp-json\/wp\/v2\/product_tag?post=79"}],"curies":[{"name":"wp","href":"https:\/\/api.w.org\/{rel}","templated":true}]}}