{"id":81,"date":"2023-02-03T13:10:46","date_gmt":"2023-02-03T13:10:46","guid":{"rendered":"https:\/\/gdziewyjechac.pl\/sklep\/?post_type=product&#038;p=81"},"modified":"2024-09-10T10:19:09","modified_gmt":"2024-09-10T10:19:09","slug":"polska-70-pomyslow-na-niezapomniany-weekend-ksiazka-drukowana","status":"publish","type":"product","link":"https:\/\/gdziewyjechac.pl\/sklep\/produkt\/polska-70-pomyslow-na-niezapomniany-weekend-ksiazka-drukowana\/","title":{"rendered":"\u201ePolska. 70 pomys\u0142\u00f3w na niezapomniany weekend\u201d \u2013 ksi\u0105\u017cka drukowana"},"content":{"rendered":"<h3><strong>O czym jest ksi\u0105\u017cka &#8222;Polska. 70 pomys\u0142\u00f3w na niezapomniany weekend&#8221;?<\/strong><\/h3>\n<p>Daj si\u0119 zaprosi\u0107 na kr\u00f3tkie podr\u00f3\u017ce do 70 ciekawych zak\u0105tk\u00f3w Polski \u2013 zar\u00f3wno tych znanych, jak i tych mniej oczywistych. Ka\u017cdy z nich m\u00f3g\u0142by by\u0107 tematem osobnej opowie\u015bci, jednak postanowili\u015bmy skondensowa\u0107 wiedz\u0119 o tych miejscach w kilku rozdzia\u0142ach tematycznych: od cud\u00f3w techniki po skarby natury, od romantycznych miasteczek po zachwycaj\u0105ce krajobrazy. Zamki, pa\u0142ace, chaty kryte strzech\u0105, postindustrialne przestrzenie i modernistyczne pere\u0142ki.<br \/>\nOd \u017ar\u00f3de\u0142 Wis\u0142y, przez niezwyk\u0142e stepy Ponidzia i ba\u015bniow\u0105 Suwalszczyzn\u0119, po woli\u0144skie klify. Oddajemy w Twoje r\u0119ce autorski przewodnik \u2013 leksykon inspiruj\u0105cych miejsc na intensywny weekend lub wymarzony kr\u00f3tki urlop w Polsce. Nie czekaj i ruszaj w Polsk\u0119 na weekend! A nawet na 70 weekend\u00f3w!<\/p>\n","protected":false},"excerpt":{"rendered":"<p>Inspiruj\u0105cy przewodnik po Polsce, kt\u00f3ry ukazuje jej bardziej i mniej znane atrakcje w podziale na konkretne kategorie. Ksi\u0105\u017cka &#8222;Polska. 70 pomys\u0142\u00f3w na niezapomniany weekend&#8221; przyda si\u0119 ka\u017cdemu kto planuje eksplorowa\u0107 Polsk\u0119 podczas kr\u00f3tkich &#8211; weekendowych wypad\u00f3w.<\/p>\n","protected":false},"featured_media":82,"template":"","meta":[],"product_cat":[16],"product_tag":[41],"acf":[],"_links":{"self":[{"href":"https:\/\/gdziewyjechac.pl\/sklep\/wp-json\/wp\/v2\/product\/81"}],"collection":[{"href":"https:\/\/gdziewyjechac.pl\/sklep\/wp-json\/wp\/v2\/product"}],"about":[{"href":"https:\/\/gdziewyjechac.pl\/sklep\/wp-json\/wp\/v2\/types\/product"}],"wp:featuredmedia":[{"embeddable":true,"href":"https:\/\/gdziewyjechac.pl\/sklep\/wp-json\/wp\/v2\/media\/82"}],"wp:attachment":[{"href":"https:\/\/gdziewyjechac.pl\/sklep\/wp-json\/wp\/v2\/media?parent=81"}],"wp:term":[{"taxonomy":"product_cat","embeddable":true,"href":"https:\/\/gdziewyjechac.pl\/sklep\/wp-json\/wp\/v2\/product_cat?post=81"},{"taxonomy":"product_tag","embeddable":true,"href":"https:\/\/gdziewyjechac.pl\/sklep\/wp-json\/wp\/v2\/product_tag?post=81"}],"curies":[{"name":"wp","href":"https:\/\/api.w.org\/{rel}","templated":true}]}}