{"id":91,"date":"2023-02-03T13:27:58","date_gmt":"2023-02-03T13:27:58","guid":{"rendered":"https:\/\/gdziewyjechac.pl\/sklep\/?post_type=product&#038;p=91"},"modified":"2023-12-12T13:54:54","modified_gmt":"2023-12-12T13:54:54","slug":"slaskie-do-odkrycia-pakiet-ebasic-ebook-w-formacie-pdf","status":"publish","type":"product","link":"https:\/\/gdziewyjechac.pl\/sklep\/produkt\/slaskie-do-odkrycia-pakiet-ebasic-ebook-w-formacie-pdf\/","title":{"rendered":"\u201e\u015al\u0105skie do odkrycia\u201d \u2013 pakiet eBASIC (eBook w formacie PDF)"},"content":{"rendered":"<h3><strong>O czym jest ksi\u0105\u017cka \u201e\u015al\u0105skie do odkrycia\u201d?<\/strong><\/h3>\n<p>Cho\u0107 wojew\u00f3dztwo \u015bl\u0105skie pe\u0142ne jest podr\u00f3\u017cniczych skarb\u00f3w, wci\u0105\u017c boryka si\u0119 ze starymi stereotypami. Pora to zmieni\u0107! Odkryj z nami wspania\u0142e zamki, pa\u0142ace, g\u00f3rskie szlaki, zabytki postindustrialne i przekonaj si\u0119, jak pi\u0119kny i zielony jest to region. Przygotowali\u015bmy dla Ciebie bardzo konkretne propozycje na wycieczki 1-dniowe, weekendowe oraz nawet na urlop. O ka\u017cdej porze roku. Daj si\u0119 zaprosi\u0107 do \u015bl\u0105skiego, jakiego zapewne jeszcze nie zna\u0142e\u015b.<\/p>\n<h3>Dlaczego warto kupi\u0107 \u201e\u015al\u0105skie do odkrycia\u201d?<\/h3>\n<ul>\n<li>Poznasz ponad 50 fascynuj\u0105cych miejsc<\/li>\n<li>Dowiesz si\u0119, jakie wydarzenia odbywaj\u0105 si\u0119 w \u015bl\u0105skim<br \/>\n\u0141atwo zaplanujesz wycieczk\u0119 o ka\u017cdej porze roku<\/li>\n<li>Poznasz z\u0142o\u017con\u0105 i ciekaw\u0105 histori\u0119 regionu<\/li>\n<li>Mapy elektroniczne z oznaczeniem atrakcji<\/li>\n<li>30 pomys\u0142\u00f3w na wycieczki 1-dniowe<\/li>\n<li>12 precyzyjnie opracowanych weekend\u00f3w<\/li>\n<li>5 propozycji na urlop w wojew\u00f3dztwie \u015bl\u0105skim<\/li>\n<li>304 strony i ponad 200 kolorowych zdj\u0119\u0107<\/li>\n<\/ul>\n<p>Je\u015bli chcesz kupi\u0107 jedynie wersj\u0119 cyfrow\u0105 naszej ksi\u0105\u017cki to wybierz pakiet e-Basic \u201e\u015al\u0105skie do odkrycia\u201d, a dostaniesz e-booka w formacie PDF.<\/p>\n","protected":false},"excerpt":{"rendered":"<p>&#8222;\u015al\u0105skie do odkrycia&#8221; to ksi\u0105\u017cka, kt\u00f3ra pokazuje jak ciekawy, fascynuj\u0105cy i inspiruj\u0105cy mo\u017ce by\u0107 region, kt\u00f3ry wci\u0105\u017c jeszcze boryka si\u0119 z wieloma stereotypami. Najwy\u017csza pora je obali\u0107! Dzi\u0119ki tej ksi\u0105\u017cce ka\u017cdy mo\u017ce odkry\u0107 \u015al\u0105skie odwiedzaj\u0105c je albo na jeden dzie\u0144, albo na weekend lub te\u017c d\u0142u\u017cszy urlop. Bo \u015al\u0105skie ma wiele twarzy i kryje wiele podr\u00f3\u017cniczych skarb\u00f3w.<\/p>\n","protected":false},"featured_media":92,"template":"","meta":[],"product_cat":[45],"product_tag":[42],"acf":[],"_links":{"self":[{"href":"https:\/\/gdziewyjechac.pl\/sklep\/wp-json\/wp\/v2\/product\/91"}],"collection":[{"href":"https:\/\/gdziewyjechac.pl\/sklep\/wp-json\/wp\/v2\/product"}],"about":[{"href":"https:\/\/gdziewyjechac.pl\/sklep\/wp-json\/wp\/v2\/types\/product"}],"wp:featuredmedia":[{"embeddable":true,"href":"https:\/\/gdziewyjechac.pl\/sklep\/wp-json\/wp\/v2\/media\/92"}],"wp:attachment":[{"href":"https:\/\/gdziewyjechac.pl\/sklep\/wp-json\/wp\/v2\/media?parent=91"}],"wp:term":[{"taxonomy":"product_cat","embeddable":true,"href":"https:\/\/gdziewyjechac.pl\/sklep\/wp-json\/wp\/v2\/product_cat?post=91"},{"taxonomy":"product_tag","embeddable":true,"href":"https:\/\/gdziewyjechac.pl\/sklep\/wp-json\/wp\/v2\/product_tag?post=91"}],"curies":[{"name":"wp","href":"https:\/\/api.w.org\/{rel}","templated":true}]}}